{"id":539,"date":"2020-02-22T17:22:17","date_gmt":"2020-02-22T16:22:17","guid":{"rendered":"http:\/\/testwebseite.wego-service.de\/?page_id=539"},"modified":"2020-02-22T17:25:33","modified_gmt":"2020-02-22T16:25:33","slug":"entruempelung-sperrmuell","status":"publish","type":"page","link":"https:\/\/wego-service.de\/?page_id=539","title":{"rendered":"Entr\u00fcmpelung &#038; Sperrm\u00fcll"},"content":{"rendered":"\n<p>Zugestellte Dachb\u00f6den Treppenh\u00e4user und Kellerg\u00e4nge stellen im Brandfall ein nicht zu untersch\u00e4tzenden Gefahrenherd dar. Zur Einhaltung der Brandschutzbestimmungen ist eine regelm\u00e4\u00dfige Kontrolle und freir\u00e4umen dieser Fl\u00e4chen erforderlich.<\/p>\n\n\n\n<p>Wir \u00fcbernehmen f\u00fcr Sie Entr\u00fcmpelungen von Dachb\u00f6den, Treppen und Kellerfl\u00e4chen, sowie Wohnungsr\u00e4umungen f\u00fcr eine schnelle Neuvermietung und das kosteng\u00fcnstig, fachm\u00e4nnisch und inkl. sachgerechter Entsorgung.<\/p>\n\n\n\n<p>Gern erstellen wir Ihnen ein unverbindliches Angebot.<\/p>\n\n\n\n<p><strong>Unsere Dienstleistungen k\u00f6nnen beliebig in Umfang, H\u00e4ufigkeit und Intensit\u00e4t zusammengestellt werden. <\/strong><\/p>\n\n\n\n<p><strong><a href=\"http:\/\/testwebseite.wego-service.de\/?page_id=57\">Sprechen Sie uns an.<\/a><\/strong><\/p>\n\n\n\n<p><\/p>\n","protected":false},"excerpt":{"rendered":"<p>Zugestellte Dachb\u00f6den Treppenh\u00e4user und Kellerg\u00e4nge stellen im Brandfall ein nicht zu untersch\u00e4tzenden Gefahrenherd dar. Zur Einhaltung der Brandschutzbestimmungen ist eine regelm\u00e4\u00dfige Kontrolle und freir\u00e4umen dieser Fl\u00e4chen erforderlich. Wir \u00fcbernehmen f\u00fcr Sie Entr\u00fcmpelungen von Dachb\u00f6den, Treppen und Kellerfl\u00e4chen, sowie Wohnungsr\u00e4umungen f\u00fcr eine schnelle Neuvermietung und das kosteng\u00fcnstig, fachm\u00e4nnisch und inkl. sachgerechter Entsorgung.<\/p>\n","protected":false},"author":1,"featured_media":0,"parent":237,"menu_order":0,"comment_status":"closed","ping_status":"closed","template":"","meta":{"footnotes":""},"class_list":["post-539","page","type-page","status-publish","hentry"],"yoast_head":"<!-- This site is optimized with the Yoast SEO plugin v24.4 - https:\/\/yoast.com\/wordpress\/plugins\/seo\/ -->\n<title>Entr\u00fcmpelung &amp; Sperrm\u00fcll | WeGo-Service.de<\/title>\n<meta name=\"description\" content=\"Dienstleistungen rund um Ihre Immobilie - Sonnen und Insektenschutz, Markisen, Hausmeisterservice, Geb\u00e4udereinigung, Winterdienst, Pflasterarbeiten, uvm. Beste\" \/>\n<meta name=\"robots\" content=\"index, follow, max-snippet:-1, max-image-preview:large, max-video-preview:-1\" \/>\n<link rel=\"canonical\" href=\"https:\/\/wego-service.de\/?page_id=539\" \/>\n<meta property=\"og:locale\" content=\"de_DE\" \/>\n<meta property=\"og:type\" content=\"article\" \/>\n<meta property=\"og:title\" content=\"Entr\u00fcmpelung &amp; Sperrm\u00fcll | WeGo-Service.de\" \/>\n<meta property=\"og:description\" content=\"Dienstleistungen rund um Ihre Immobilie - Sonnen und Insektenschutz, Markisen, Hausmeisterservice, Geb\u00e4udereinigung, Winterdienst, Pflasterarbeiten, uvm. Beste\" \/>\n<meta property=\"og:url\" content=\"https:\/\/wego-service.de\/?page_id=539\" \/>\n<meta property=\"og:site_name\" content=\"DER IMMOBILIENDIENSTLEISTER\" \/>\n<meta property=\"article:modified_time\" content=\"2020-02-22T16:25:33+00:00\" \/>\n<meta name=\"twitter:card\" content=\"summary_large_image\" \/>\n<script type=\"application\/ld+json\" class=\"yoast-schema-graph\">{\"@context\":\"https:\/\/schema.org\",\"@graph\":[{\"@type\":\"WebPage\",\"@id\":\"https:\/\/wego-service.de\/?page_id=539\",\"url\":\"https:\/\/wego-service.de\/?page_id=539\",\"name\":\"Entr\u00fcmpelung & Sperrm\u00fcll | WeGo-Service.de\",\"isPartOf\":{\"@id\":\"https:\/\/wego-service.de\/#website\"},\"datePublished\":\"2020-02-22T16:22:17+00:00\",\"dateModified\":\"2020-02-22T16:25:33+00:00\",\"description\":\"Dienstleistungen rund um Ihre Immobilie - Sonnen und Insektenschutz, Markisen, Hausmeisterservice, Geb\u00e4udereinigung, Winterdienst, Pflasterarbeiten, uvm. Beste\",\"breadcrumb\":{\"@id\":\"https:\/\/wego-service.de\/?page_id=539#breadcrumb\"},\"inLanguage\":\"de\",\"potentialAction\":[{\"@type\":\"ReadAction\",\"target\":[\"https:\/\/wego-service.de\/?page_id=539\"]}]},{\"@type\":\"BreadcrumbList\",\"@id\":\"https:\/\/wego-service.de\/?page_id=539#breadcrumb\",\"itemListElement\":[{\"@type\":\"ListItem\",\"position\":1,\"name\":\"Startseite\",\"item\":\"https:\/\/wego-service.de\/\"},{\"@type\":\"ListItem\",\"position\":2,\"name\":\"Dienstleistungen\",\"item\":\"https:\/\/wego-service.de\/?page_id=102\"},{\"@type\":\"ListItem\",\"position\":3,\"name\":\"Geb\u00e4udedienste\",\"item\":\"https:\/\/wego-service.de\/?page_id=14\"},{\"@type\":\"ListItem\",\"position\":4,\"name\":\"M\u00fcllmanagement\",\"item\":\"https:\/\/wego-service.de\/?page_id=237\"},{\"@type\":\"ListItem\",\"position\":5,\"name\":\"Entr\u00fcmpelung &#038; Sperrm\u00fcll\"}]},{\"@type\":\"WebSite\",\"@id\":\"https:\/\/wego-service.de\/#website\",\"url\":\"https:\/\/wego-service.de\/\",\"name\":\"DER IMMOBILIENDIENSTLEISTER\",\"description\":\"\",\"publisher\":{\"@id\":\"https:\/\/wego-service.de\/#organization\"},\"potentialAction\":[{\"@type\":\"SearchAction\",\"target\":{\"@type\":\"EntryPoint\",\"urlTemplate\":\"https:\/\/wego-service.de\/?s={search_term_string}\"},\"query-input\":{\"@type\":\"PropertyValueSpecification\",\"valueRequired\":true,\"valueName\":\"search_term_string\"}}],\"inLanguage\":\"de\"},{\"@type\":\"Organization\",\"@id\":\"https:\/\/wego-service.de\/#organization\",\"name\":\"WeGo Service\",\"url\":\"https:\/\/wego-service.de\/\",\"logo\":{\"@type\":\"ImageObject\",\"inLanguage\":\"de\",\"@id\":\"https:\/\/wego-service.de\/#\/schema\/logo\/image\/\",\"url\":\"https:\/\/wego-service.de\/wp-content\/uploads\/2020\/02\/cropped-LogoWegoService_Schatten3wei\u00df.png\",\"contentUrl\":\"https:\/\/wego-service.de\/wp-content\/uploads\/2020\/02\/cropped-LogoWegoService_Schatten3wei\u00df.png\",\"width\":581,\"height\":250,\"caption\":\"WeGo Service\"},\"image\":{\"@id\":\"https:\/\/wego-service.de\/#\/schema\/logo\/image\/\"}}]}<\/script>\n<!-- \/ Yoast SEO plugin. -->","yoast_head_json":{"title":"Entr\u00fcmpelung & Sperrm\u00fcll | WeGo-Service.de","description":"Dienstleistungen rund um Ihre Immobilie - Sonnen und Insektenschutz, Markisen, Hausmeisterservice, Geb\u00e4udereinigung, Winterdienst, Pflasterarbeiten, uvm. Beste","robots":{"index":"index","follow":"follow","max-snippet":"max-snippet:-1","max-image-preview":"max-image-preview:large","max-video-preview":"max-video-preview:-1"},"canonical":"https:\/\/wego-service.de\/?page_id=539","og_locale":"de_DE","og_type":"article","og_title":"Entr\u00fcmpelung & Sperrm\u00fcll | WeGo-Service.de","og_description":"Dienstleistungen rund um Ihre Immobilie - Sonnen und Insektenschutz, Markisen, Hausmeisterservice, Geb\u00e4udereinigung, Winterdienst, Pflasterarbeiten, uvm. Beste","og_url":"https:\/\/wego-service.de\/?page_id=539","og_site_name":"DER IMMOBILIENDIENSTLEISTER","article_modified_time":"2020-02-22T16:25:33+00:00","twitter_card":"summary_large_image","schema":{"@context":"https:\/\/schema.org","@graph":[{"@type":"WebPage","@id":"https:\/\/wego-service.de\/?page_id=539","url":"https:\/\/wego-service.de\/?page_id=539","name":"Entr\u00fcmpelung & Sperrm\u00fcll | WeGo-Service.de","isPartOf":{"@id":"https:\/\/wego-service.de\/#website"},"datePublished":"2020-02-22T16:22:17+00:00","dateModified":"2020-02-22T16:25:33+00:00","description":"Dienstleistungen rund um Ihre Immobilie - Sonnen und Insektenschutz, Markisen, Hausmeisterservice, Geb\u00e4udereinigung, Winterdienst, Pflasterarbeiten, uvm. Beste","breadcrumb":{"@id":"https:\/\/wego-service.de\/?page_id=539#breadcrumb"},"inLanguage":"de","potentialAction":[{"@type":"ReadAction","target":["https:\/\/wego-service.de\/?page_id=539"]}]},{"@type":"BreadcrumbList","@id":"https:\/\/wego-service.de\/?page_id=539#breadcrumb","itemListElement":[{"@type":"ListItem","position":1,"name":"Startseite","item":"https:\/\/wego-service.de\/"},{"@type":"ListItem","position":2,"name":"Dienstleistungen","item":"https:\/\/wego-service.de\/?page_id=102"},{"@type":"ListItem","position":3,"name":"Geb\u00e4udedienste","item":"https:\/\/wego-service.de\/?page_id=14"},{"@type":"ListItem","position":4,"name":"M\u00fcllmanagement","item":"https:\/\/wego-service.de\/?page_id=237"},{"@type":"ListItem","position":5,"name":"Entr\u00fcmpelung &#038; Sperrm\u00fcll"}]},{"@type":"WebSite","@id":"https:\/\/wego-service.de\/#website","url":"https:\/\/wego-service.de\/","name":"DER IMMOBILIENDIENSTLEISTER","description":"","publisher":{"@id":"https:\/\/wego-service.de\/#organization"},"potentialAction":[{"@type":"SearchAction","target":{"@type":"EntryPoint","urlTemplate":"https:\/\/wego-service.de\/?s={search_term_string}"},"query-input":{"@type":"PropertyValueSpecification","valueRequired":true,"valueName":"search_term_string"}}],"inLanguage":"de"},{"@type":"Organization","@id":"https:\/\/wego-service.de\/#organization","name":"WeGo Service","url":"https:\/\/wego-service.de\/","logo":{"@type":"ImageObject","inLanguage":"de","@id":"https:\/\/wego-service.de\/#\/schema\/logo\/image\/","url":"https:\/\/wego-service.de\/wp-content\/uploads\/2020\/02\/cropped-LogoWegoService_Schatten3wei\u00df.png","contentUrl":"https:\/\/wego-service.de\/wp-content\/uploads\/2020\/02\/cropped-LogoWegoService_Schatten3wei\u00df.png","width":581,"height":250,"caption":"WeGo Service"},"image":{"@id":"https:\/\/wego-service.de\/#\/schema\/logo\/image\/"}}]}},"_links":{"self":[{"href":"https:\/\/wego-service.de\/index.php?rest_route=\/wp\/v2\/pages\/539","targetHints":{"allow":["GET"]}}],"collection":[{"href":"https:\/\/wego-service.de\/index.php?rest_route=\/wp\/v2\/pages"}],"about":[{"href":"https:\/\/wego-service.de\/index.php?rest_route=\/wp\/v2\/types\/page"}],"author":[{"embeddable":true,"href":"https:\/\/wego-service.de\/index.php?rest_route=\/wp\/v2\/users\/1"}],"replies":[{"embeddable":true,"href":"https:\/\/wego-service.de\/index.php?rest_route=%2Fwp%2Fv2%2Fcomments&post=539"}],"version-history":[{"count":1,"href":"https:\/\/wego-service.de\/index.php?rest_route=\/wp\/v2\/pages\/539\/revisions"}],"predecessor-version":[{"id":541,"href":"https:\/\/wego-service.de\/index.php?rest_route=\/wp\/v2\/pages\/539\/revisions\/541"}],"up":[{"embeddable":true,"href":"https:\/\/wego-service.de\/index.php?rest_route=\/wp\/v2\/pages\/237"}],"wp:attachment":[{"href":"https:\/\/wego-service.de\/index.php?rest_route=%2Fwp%2Fv2%2Fmedia&parent=539"}],"curies":[{"name":"wp","href":"https:\/\/api.w.org\/{rel}","templated":true}]}}