{"id":521,"date":"2020-02-21T00:47:59","date_gmt":"2020-02-20T23:47:59","guid":{"rendered":"http:\/\/testwebseite.wego-service.de\/?page_id=521"},"modified":"2023-03-13T21:42:10","modified_gmt":"2023-03-13T20:42:10","slug":"jobs","status":"publish","type":"page","link":"https:\/\/wego-service.de\/?page_id=521","title":{"rendered":"Jobs"},"content":{"rendered":"\n<p><strong><a href=\"http:\/\/testwebseite.wego-service.de\/?page_id=57\">Jetzt bewerben!<\/a><\/strong><\/p>\n\n\n\n<p><strong>F\u00fcr diverse Projekte suchen wir Mitarbeiter mit unterschiedlichem Anforderungsprofil<\/strong>:<\/p>\n\n\n\n<ul class=\"wp-block-list\"><li>Mitarbeiter mit handwerklichen F\u00e4higkeiten (Montage\/Innenausbau usw.).<br><br><\/li><li>Reinigungskraft f\u00fcr Treppenhausreinigung auf Basis eines Geringf\u00fcgigen Besch\u00e4ftigungsverh\u00e4ltnisses.<br><br><\/li><li>Mitarbeiter mit handwerklichen F\u00e4higkeiten f\u00fcr Haus, Garten und Grundst\u00fcckspflege. <br><br><\/li><li>Vollzeit oder auf Basis eines Geringf\u00fcgigen Besch\u00e4ftigungsverh\u00e4ltnisses.<br><br><br>F\u00fchrerschein und PKW von Vorteil.<br><br><\/li><\/ul>\n\n\n\n<p><strong>Gerne nehmen wir Ihre individuelle Bewerbung\nentgegen.<\/strong><\/p>\n\n\n\n<p><strong>Wego Service UG<br><\/strong>Aronweg 19, 45276 Essen<br>Telefon: <a aria-label=\"0201 45351586 (\u00f6ffnet in neuem Tab)\" href=\"tel:+4920145351586\" target=\"_blank\" rel=\"noreferrer noopener\"><em>0201 45351586<\/em><\/a> <br>Mobil: <a href=\"tel:+491715354878\" target=\"_blank\" rel=\"noreferrer noopener\"><em>01715354878<\/em><\/a><br>Email: <a aria-label=\"kontakt@wego-service.de (\u00f6ffnet in neuem Tab)\" href=\"mailto:kontakt@wego-service.de\" target=\"_blank\" rel=\"noreferrer noopener\"><em>kontakt@wego-service.de<\/em><\/a> <br><a href=\"http:\/\/testwebseite.wego-service.de\/?page_id=45\">Impressum und Datenschutz<\/a><\/p>\n\n\n\n<p><\/p>\n","protected":false},"excerpt":{"rendered":"<p>Jetzt bewerben! F\u00fcr diverse Projekte suchen wir Mitarbeiter mit unterschiedlichem Anforderungsprofil: Mitarbeiter mit handwerklichen F\u00e4higkeiten (Montage\/Innenausbau usw.). Reinigungskraft f\u00fcr Treppenhausreinigung auf Basis eines Geringf\u00fcgigen Besch\u00e4ftigungsverh\u00e4ltnisses. Mitarbeiter mit handwerklichen F\u00e4higkeiten f\u00fcr Haus, Garten und Grundst\u00fcckspflege. Vollzeit oder auf Basis eines Geringf\u00fcgigen Besch\u00e4ftigungsverh\u00e4ltnisses. F\u00fchrerschein und PKW von Vorteil. Gerne nehmen wir Ihre individuelle Bewerbung entgegen.<\/p>\n","protected":false},"author":1,"featured_media":0,"parent":0,"menu_order":0,"comment_status":"closed","ping_status":"closed","template":"","meta":{"footnotes":""},"class_list":["post-521","page","type-page","status-publish","hentry"],"yoast_head":"<!-- This site is optimized with the Yoast SEO plugin v24.4 - https:\/\/yoast.com\/wordpress\/plugins\/seo\/ -->\n<title>Jobs | WeGo-Service.de<\/title>\n<meta name=\"description\" content=\"Dienstleistungen rund um Ihre Immobilie - Sonnen und Insektenschutz, Markisen, Hausmeisterservice, Geb\u00e4udereinigung, Winterdienst, Pflasterarbeiten, uvm. Beste\" \/>\n<meta name=\"robots\" content=\"index, follow, max-snippet:-1, max-image-preview:large, max-video-preview:-1\" \/>\n<link rel=\"canonical\" href=\"https:\/\/wego-service.de\/?page_id=521\" \/>\n<meta property=\"og:locale\" content=\"de_DE\" \/>\n<meta property=\"og:type\" content=\"article\" \/>\n<meta property=\"og:title\" content=\"Jobs | WeGo-Service.de\" \/>\n<meta property=\"og:description\" content=\"Dienstleistungen rund um Ihre Immobilie - Sonnen und Insektenschutz, Markisen, Hausmeisterservice, Geb\u00e4udereinigung, Winterdienst, Pflasterarbeiten, uvm. Beste\" \/>\n<meta property=\"og:url\" content=\"https:\/\/wego-service.de\/?page_id=521\" \/>\n<meta property=\"og:site_name\" content=\"DER IMMOBILIENDIENSTLEISTER\" \/>\n<meta property=\"article:modified_time\" content=\"2023-03-13T20:42:10+00:00\" \/>\n<meta name=\"twitter:card\" content=\"summary_large_image\" \/>\n<meta name=\"twitter:label1\" content=\"Gesch\u00e4tzte Lesezeit\" \/>\n\t<meta name=\"twitter:data1\" content=\"1\u00a0Minute\" \/>\n<script type=\"application\/ld+json\" class=\"yoast-schema-graph\">{\"@context\":\"https:\/\/schema.org\",\"@graph\":[{\"@type\":\"WebPage\",\"@id\":\"https:\/\/wego-service.de\/?page_id=521\",\"url\":\"https:\/\/wego-service.de\/?page_id=521\",\"name\":\"Jobs | WeGo-Service.de\",\"isPartOf\":{\"@id\":\"https:\/\/wego-service.de\/#website\"},\"datePublished\":\"2020-02-20T23:47:59+00:00\",\"dateModified\":\"2023-03-13T20:42:10+00:00\",\"description\":\"Dienstleistungen rund um Ihre Immobilie - Sonnen und Insektenschutz, Markisen, Hausmeisterservice, Geb\u00e4udereinigung, Winterdienst, Pflasterarbeiten, uvm. Beste\",\"breadcrumb\":{\"@id\":\"https:\/\/wego-service.de\/?page_id=521#breadcrumb\"},\"inLanguage\":\"de\",\"potentialAction\":[{\"@type\":\"ReadAction\",\"target\":[\"https:\/\/wego-service.de\/?page_id=521\"]}]},{\"@type\":\"BreadcrumbList\",\"@id\":\"https:\/\/wego-service.de\/?page_id=521#breadcrumb\",\"itemListElement\":[{\"@type\":\"ListItem\",\"position\":1,\"name\":\"Startseite\",\"item\":\"https:\/\/wego-service.de\/\"},{\"@type\":\"ListItem\",\"position\":2,\"name\":\"Jobs\"}]},{\"@type\":\"WebSite\",\"@id\":\"https:\/\/wego-service.de\/#website\",\"url\":\"https:\/\/wego-service.de\/\",\"name\":\"DER IMMOBILIENDIENSTLEISTER\",\"description\":\"\",\"publisher\":{\"@id\":\"https:\/\/wego-service.de\/#organization\"},\"potentialAction\":[{\"@type\":\"SearchAction\",\"target\":{\"@type\":\"EntryPoint\",\"urlTemplate\":\"https:\/\/wego-service.de\/?s={search_term_string}\"},\"query-input\":{\"@type\":\"PropertyValueSpecification\",\"valueRequired\":true,\"valueName\":\"search_term_string\"}}],\"inLanguage\":\"de\"},{\"@type\":\"Organization\",\"@id\":\"https:\/\/wego-service.de\/#organization\",\"name\":\"WeGo Service\",\"url\":\"https:\/\/wego-service.de\/\",\"logo\":{\"@type\":\"ImageObject\",\"inLanguage\":\"de\",\"@id\":\"https:\/\/wego-service.de\/#\/schema\/logo\/image\/\",\"url\":\"https:\/\/wego-service.de\/wp-content\/uploads\/2020\/02\/cropped-LogoWegoService_Schatten3wei\u00df.png\",\"contentUrl\":\"https:\/\/wego-service.de\/wp-content\/uploads\/2020\/02\/cropped-LogoWegoService_Schatten3wei\u00df.png\",\"width\":581,\"height\":250,\"caption\":\"WeGo Service\"},\"image\":{\"@id\":\"https:\/\/wego-service.de\/#\/schema\/logo\/image\/\"}}]}<\/script>\n<!-- \/ Yoast SEO plugin. -->","yoast_head_json":{"title":"Jobs | WeGo-Service.de","description":"Dienstleistungen rund um Ihre Immobilie - Sonnen und Insektenschutz, Markisen, Hausmeisterservice, Geb\u00e4udereinigung, Winterdienst, Pflasterarbeiten, uvm. Beste","robots":{"index":"index","follow":"follow","max-snippet":"max-snippet:-1","max-image-preview":"max-image-preview:large","max-video-preview":"max-video-preview:-1"},"canonical":"https:\/\/wego-service.de\/?page_id=521","og_locale":"de_DE","og_type":"article","og_title":"Jobs | WeGo-Service.de","og_description":"Dienstleistungen rund um Ihre Immobilie - Sonnen und Insektenschutz, Markisen, Hausmeisterservice, Geb\u00e4udereinigung, Winterdienst, Pflasterarbeiten, uvm. Beste","og_url":"https:\/\/wego-service.de\/?page_id=521","og_site_name":"DER IMMOBILIENDIENSTLEISTER","article_modified_time":"2023-03-13T20:42:10+00:00","twitter_card":"summary_large_image","twitter_misc":{"Gesch\u00e4tzte Lesezeit":"1\u00a0Minute"},"schema":{"@context":"https:\/\/schema.org","@graph":[{"@type":"WebPage","@id":"https:\/\/wego-service.de\/?page_id=521","url":"https:\/\/wego-service.de\/?page_id=521","name":"Jobs | WeGo-Service.de","isPartOf":{"@id":"https:\/\/wego-service.de\/#website"},"datePublished":"2020-02-20T23:47:59+00:00","dateModified":"2023-03-13T20:42:10+00:00","description":"Dienstleistungen rund um Ihre Immobilie - Sonnen und Insektenschutz, Markisen, Hausmeisterservice, Geb\u00e4udereinigung, Winterdienst, Pflasterarbeiten, uvm. Beste","breadcrumb":{"@id":"https:\/\/wego-service.de\/?page_id=521#breadcrumb"},"inLanguage":"de","potentialAction":[{"@type":"ReadAction","target":["https:\/\/wego-service.de\/?page_id=521"]}]},{"@type":"BreadcrumbList","@id":"https:\/\/wego-service.de\/?page_id=521#breadcrumb","itemListElement":[{"@type":"ListItem","position":1,"name":"Startseite","item":"https:\/\/wego-service.de\/"},{"@type":"ListItem","position":2,"name":"Jobs"}]},{"@type":"WebSite","@id":"https:\/\/wego-service.de\/#website","url":"https:\/\/wego-service.de\/","name":"DER IMMOBILIENDIENSTLEISTER","description":"","publisher":{"@id":"https:\/\/wego-service.de\/#organization"},"potentialAction":[{"@type":"SearchAction","target":{"@type":"EntryPoint","urlTemplate":"https:\/\/wego-service.de\/?s={search_term_string}"},"query-input":{"@type":"PropertyValueSpecification","valueRequired":true,"valueName":"search_term_string"}}],"inLanguage":"de"},{"@type":"Organization","@id":"https:\/\/wego-service.de\/#organization","name":"WeGo Service","url":"https:\/\/wego-service.de\/","logo":{"@type":"ImageObject","inLanguage":"de","@id":"https:\/\/wego-service.de\/#\/schema\/logo\/image\/","url":"https:\/\/wego-service.de\/wp-content\/uploads\/2020\/02\/cropped-LogoWegoService_Schatten3wei\u00df.png","contentUrl":"https:\/\/wego-service.de\/wp-content\/uploads\/2020\/02\/cropped-LogoWegoService_Schatten3wei\u00df.png","width":581,"height":250,"caption":"WeGo Service"},"image":{"@id":"https:\/\/wego-service.de\/#\/schema\/logo\/image\/"}}]}},"_links":{"self":[{"href":"https:\/\/wego-service.de\/index.php?rest_route=\/wp\/v2\/pages\/521","targetHints":{"allow":["GET"]}}],"collection":[{"href":"https:\/\/wego-service.de\/index.php?rest_route=\/wp\/v2\/pages"}],"about":[{"href":"https:\/\/wego-service.de\/index.php?rest_route=\/wp\/v2\/types\/page"}],"author":[{"embeddable":true,"href":"https:\/\/wego-service.de\/index.php?rest_route=\/wp\/v2\/users\/1"}],"replies":[{"embeddable":true,"href":"https:\/\/wego-service.de\/index.php?rest_route=%2Fwp%2Fv2%2Fcomments&post=521"}],"version-history":[{"count":10,"href":"https:\/\/wego-service.de\/index.php?rest_route=\/wp\/v2\/pages\/521\/revisions"}],"predecessor-version":[{"id":1387,"href":"https:\/\/wego-service.de\/index.php?rest_route=\/wp\/v2\/pages\/521\/revisions\/1387"}],"wp:attachment":[{"href":"https:\/\/wego-service.de\/index.php?rest_route=%2Fwp%2Fv2%2Fmedia&parent=521"}],"curies":[{"name":"wp","href":"https:\/\/api.w.org\/{rel}","templated":true}]}}