{"id":240,"date":"2020-02-13T14:34:11","date_gmt":"2020-02-13T13:34:11","guid":{"rendered":"http:\/\/testwebseite.wego-service.de\/?page_id=240"},"modified":"2025-02-04T19:42:57","modified_gmt":"2025-02-04T18:42:57","slug":"winterdienst","status":"publish","type":"page","link":"https:\/\/wego-service.de\/?page_id=240","title":{"rendered":"Winterdienst"},"content":{"rendered":"\n<p class=\"has-text-align-center\"><em>Des einen Freud, des anderen Leid.<\/em><\/p>\n\n\n\n<p>Der Winter und die damit verbundene R\u00e4um- und Streupflicht, stellt viele Hausbesitzer, Hausgemeinschaften und Mieter vor organisatorische Probleme.<\/p>\n\n\n\n<p><strong>Hier bieten wir mit unserem Winterdienst, die notwendige Abhilfe.<\/strong><\/p>\n\n\n\n<p>Den Winterdienst f\u00fchren wir, gem\u00e4\u00df den jeweils g\u00fcltigen gesetzlichen Bestimmungen der Stadt oder Gemeindeordnung in der Zeit vom 01.11 bis 31.03 aus. Ob Schnee oder Eis, wir sorgen f\u00fcr eine optimale R\u00e4umung und Streuung aller zum Grundst\u00fcck geh\u00f6renden Wegen, Treppen und sonstigen Zug\u00e4ngen.<\/p>\n\n\n\n<p><strong><em>Unsere Einsatzgebiete innerhalb der Stadt Essen sind:<\/em><\/strong> Altendorf, Bredeney, Freisenbruch, Friellendorf, Heisingen, Horst, Huttrop, Kray, Rellinghausen, R\u00fcttenscheid, Schonnebeck, Stadtwald, Steele, Stoppenberg, \u00dcberruhr und Werden.<\/p>\n\n\n\n<p>Gern erstellen wir Ihnen ein unverbindliches Angebot.<\/p>\n\n\n\n<p><strong><mark style=\"background-color:rgba(0, 0, 0, 0)\" class=\"has-inline-color has-vivid-red-color\">&#x26a0;&#xfe0f; Zur Zeit nehmen wir keine weiteren Objekte auf. <br>\u00c4nderungen oder Erweiterungen an Objekten von Bestandskunden sind jedoch auf Anfrage weiterhin m\u00f6glich&#x26a0;&#xfe0f;<\/mark><\/strong><\/p>\n","protected":false},"excerpt":{"rendered":"<p>Des einen Freud, des anderen Leid. Der Winter und die damit verbundene R\u00e4um- und Streupflicht, stellt viele Hausbesitzer, Hausgemeinschaften und Mieter vor organisatorische Probleme. Hier bieten wir mit unserem Winterdienst, die notwendige Abhilfe. Den Winterdienst f\u00fchren wir, gem\u00e4\u00df den jeweils g\u00fcltigen gesetzlichen Bestimmungen der Stadt oder Gemeindeordnung in der Zeit vom 01.11 bis 31.03 aus. &hellip; <\/p>\n<p class=\"link-more\"><a href=\"https:\/\/wego-service.de\/?page_id=240\" class=\"more-link\"><span class=\"screen-reader-text\">\u201eWinterdienst\u201c<\/span> weiterlesen<\/a><\/p>\n","protected":false},"author":1,"featured_media":568,"parent":0,"menu_order":0,"comment_status":"closed","ping_status":"closed","template":"","meta":{"footnotes":""},"class_list":["post-240","page","type-page","status-publish","has-post-thumbnail","hentry"],"yoast_head":"<!-- This site is optimized with the Yoast SEO plugin v24.4 - https:\/\/yoast.com\/wordpress\/plugins\/seo\/ -->\n<title>Winterdienst | WeGo-Service.de<\/title>\n<meta name=\"description\" content=\"Dienstleistungen rund um Ihre Immobilie - Sonnen und Insektenschutz, Markisen, Hausmeisterservice, Geb\u00e4udereinigung, Winterdienst, Pflasterarbeiten, uvm. Beste\" \/>\n<meta name=\"robots\" content=\"index, follow, max-snippet:-1, max-image-preview:large, max-video-preview:-1\" \/>\n<link rel=\"canonical\" href=\"https:\/\/wego-service.de\/?page_id=240\" \/>\n<meta property=\"og:locale\" content=\"de_DE\" \/>\n<meta property=\"og:type\" content=\"article\" \/>\n<meta property=\"og:title\" content=\"Winterdienst | WeGo-Service.de\" \/>\n<meta property=\"og:description\" content=\"Dienstleistungen rund um Ihre Immobilie - Sonnen und Insektenschutz, Markisen, Hausmeisterservice, Geb\u00e4udereinigung, Winterdienst, Pflasterarbeiten, uvm. Beste\" \/>\n<meta property=\"og:url\" content=\"https:\/\/wego-service.de\/?page_id=240\" \/>\n<meta property=\"og:site_name\" content=\"DER IMMOBILIENDIENSTLEISTER\" \/>\n<meta property=\"article:modified_time\" content=\"2025-02-04T18:42:57+00:00\" \/>\n<meta property=\"og:image\" content=\"https:\/\/wego-service.de\/wp-content\/uploads\/2020\/02\/Winter-01_Titelbild_heller.jpg\" \/>\n\t<meta property=\"og:image:width\" content=\"1200\" \/>\n\t<meta property=\"og:image:height\" content=\"200\" \/>\n\t<meta property=\"og:image:type\" content=\"image\/jpeg\" \/>\n<meta name=\"twitter:card\" content=\"summary_large_image\" \/>\n<meta name=\"twitter:label1\" content=\"Gesch\u00e4tzte Lesezeit\" \/>\n\t<meta name=\"twitter:data1\" content=\"1\u00a0Minute\" \/>\n<script type=\"application\/ld+json\" class=\"yoast-schema-graph\">{\"@context\":\"https:\/\/schema.org\",\"@graph\":[{\"@type\":\"WebPage\",\"@id\":\"https:\/\/wego-service.de\/?page_id=240\",\"url\":\"https:\/\/wego-service.de\/?page_id=240\",\"name\":\"Winterdienst | WeGo-Service.de\",\"isPartOf\":{\"@id\":\"https:\/\/wego-service.de\/#website\"},\"primaryImageOfPage\":{\"@id\":\"https:\/\/wego-service.de\/?page_id=240#primaryimage\"},\"image\":{\"@id\":\"https:\/\/wego-service.de\/?page_id=240#primaryimage\"},\"thumbnailUrl\":\"https:\/\/wego-service.de\/wp-content\/uploads\/2020\/02\/Winter-01_Titelbild_heller.jpg\",\"datePublished\":\"2020-02-13T13:34:11+00:00\",\"dateModified\":\"2025-02-04T18:42:57+00:00\",\"description\":\"Dienstleistungen rund um Ihre Immobilie - Sonnen und Insektenschutz, Markisen, Hausmeisterservice, Geb\u00e4udereinigung, Winterdienst, Pflasterarbeiten, uvm. Beste\",\"breadcrumb\":{\"@id\":\"https:\/\/wego-service.de\/?page_id=240#breadcrumb\"},\"inLanguage\":\"de\",\"potentialAction\":[{\"@type\":\"ReadAction\",\"target\":[\"https:\/\/wego-service.de\/?page_id=240\"]}]},{\"@type\":\"ImageObject\",\"inLanguage\":\"de\",\"@id\":\"https:\/\/wego-service.de\/?page_id=240#primaryimage\",\"url\":\"https:\/\/wego-service.de\/wp-content\/uploads\/2020\/02\/Winter-01_Titelbild_heller.jpg\",\"contentUrl\":\"https:\/\/wego-service.de\/wp-content\/uploads\/2020\/02\/Winter-01_Titelbild_heller.jpg\",\"width\":1200,\"height\":200,\"caption\":\"Winter-01_Titelbild_heller\"},{\"@type\":\"BreadcrumbList\",\"@id\":\"https:\/\/wego-service.de\/?page_id=240#breadcrumb\",\"itemListElement\":[{\"@type\":\"ListItem\",\"position\":1,\"name\":\"Startseite\",\"item\":\"https:\/\/wego-service.de\/\"},{\"@type\":\"ListItem\",\"position\":2,\"name\":\"Winterdienst\"}]},{\"@type\":\"WebSite\",\"@id\":\"https:\/\/wego-service.de\/#website\",\"url\":\"https:\/\/wego-service.de\/\",\"name\":\"DER IMMOBILIENDIENSTLEISTER\",\"description\":\"\",\"publisher\":{\"@id\":\"https:\/\/wego-service.de\/#organization\"},\"potentialAction\":[{\"@type\":\"SearchAction\",\"target\":{\"@type\":\"EntryPoint\",\"urlTemplate\":\"https:\/\/wego-service.de\/?s={search_term_string}\"},\"query-input\":{\"@type\":\"PropertyValueSpecification\",\"valueRequired\":true,\"valueName\":\"search_term_string\"}}],\"inLanguage\":\"de\"},{\"@type\":\"Organization\",\"@id\":\"https:\/\/wego-service.de\/#organization\",\"name\":\"WeGo Service\",\"url\":\"https:\/\/wego-service.de\/\",\"logo\":{\"@type\":\"ImageObject\",\"inLanguage\":\"de\",\"@id\":\"https:\/\/wego-service.de\/#\/schema\/logo\/image\/\",\"url\":\"https:\/\/wego-service.de\/wp-content\/uploads\/2020\/02\/cropped-LogoWegoService_Schatten3wei\u00df.png\",\"contentUrl\":\"https:\/\/wego-service.de\/wp-content\/uploads\/2020\/02\/cropped-LogoWegoService_Schatten3wei\u00df.png\",\"width\":581,\"height\":250,\"caption\":\"WeGo Service\"},\"image\":{\"@id\":\"https:\/\/wego-service.de\/#\/schema\/logo\/image\/\"}}]}<\/script>\n<!-- \/ Yoast SEO plugin. -->","yoast_head_json":{"title":"Winterdienst | WeGo-Service.de","description":"Dienstleistungen rund um Ihre Immobilie - Sonnen und Insektenschutz, Markisen, Hausmeisterservice, Geb\u00e4udereinigung, Winterdienst, Pflasterarbeiten, uvm. Beste","robots":{"index":"index","follow":"follow","max-snippet":"max-snippet:-1","max-image-preview":"max-image-preview:large","max-video-preview":"max-video-preview:-1"},"canonical":"https:\/\/wego-service.de\/?page_id=240","og_locale":"de_DE","og_type":"article","og_title":"Winterdienst | WeGo-Service.de","og_description":"Dienstleistungen rund um Ihre Immobilie - Sonnen und Insektenschutz, Markisen, Hausmeisterservice, Geb\u00e4udereinigung, Winterdienst, Pflasterarbeiten, uvm. Beste","og_url":"https:\/\/wego-service.de\/?page_id=240","og_site_name":"DER IMMOBILIENDIENSTLEISTER","article_modified_time":"2025-02-04T18:42:57+00:00","og_image":[{"width":1200,"height":200,"url":"https:\/\/wego-service.de\/wp-content\/uploads\/2020\/02\/Winter-01_Titelbild_heller.jpg","type":"image\/jpeg"}],"twitter_card":"summary_large_image","twitter_misc":{"Gesch\u00e4tzte Lesezeit":"1\u00a0Minute"},"schema":{"@context":"https:\/\/schema.org","@graph":[{"@type":"WebPage","@id":"https:\/\/wego-service.de\/?page_id=240","url":"https:\/\/wego-service.de\/?page_id=240","name":"Winterdienst | WeGo-Service.de","isPartOf":{"@id":"https:\/\/wego-service.de\/#website"},"primaryImageOfPage":{"@id":"https:\/\/wego-service.de\/?page_id=240#primaryimage"},"image":{"@id":"https:\/\/wego-service.de\/?page_id=240#primaryimage"},"thumbnailUrl":"https:\/\/wego-service.de\/wp-content\/uploads\/2020\/02\/Winter-01_Titelbild_heller.jpg","datePublished":"2020-02-13T13:34:11+00:00","dateModified":"2025-02-04T18:42:57+00:00","description":"Dienstleistungen rund um Ihre Immobilie - Sonnen und Insektenschutz, Markisen, Hausmeisterservice, Geb\u00e4udereinigung, Winterdienst, Pflasterarbeiten, uvm. Beste","breadcrumb":{"@id":"https:\/\/wego-service.de\/?page_id=240#breadcrumb"},"inLanguage":"de","potentialAction":[{"@type":"ReadAction","target":["https:\/\/wego-service.de\/?page_id=240"]}]},{"@type":"ImageObject","inLanguage":"de","@id":"https:\/\/wego-service.de\/?page_id=240#primaryimage","url":"https:\/\/wego-service.de\/wp-content\/uploads\/2020\/02\/Winter-01_Titelbild_heller.jpg","contentUrl":"https:\/\/wego-service.de\/wp-content\/uploads\/2020\/02\/Winter-01_Titelbild_heller.jpg","width":1200,"height":200,"caption":"Winter-01_Titelbild_heller"},{"@type":"BreadcrumbList","@id":"https:\/\/wego-service.de\/?page_id=240#breadcrumb","itemListElement":[{"@type":"ListItem","position":1,"name":"Startseite","item":"https:\/\/wego-service.de\/"},{"@type":"ListItem","position":2,"name":"Winterdienst"}]},{"@type":"WebSite","@id":"https:\/\/wego-service.de\/#website","url":"https:\/\/wego-service.de\/","name":"DER IMMOBILIENDIENSTLEISTER","description":"","publisher":{"@id":"https:\/\/wego-service.de\/#organization"},"potentialAction":[{"@type":"SearchAction","target":{"@type":"EntryPoint","urlTemplate":"https:\/\/wego-service.de\/?s={search_term_string}"},"query-input":{"@type":"PropertyValueSpecification","valueRequired":true,"valueName":"search_term_string"}}],"inLanguage":"de"},{"@type":"Organization","@id":"https:\/\/wego-service.de\/#organization","name":"WeGo Service","url":"https:\/\/wego-service.de\/","logo":{"@type":"ImageObject","inLanguage":"de","@id":"https:\/\/wego-service.de\/#\/schema\/logo\/image\/","url":"https:\/\/wego-service.de\/wp-content\/uploads\/2020\/02\/cropped-LogoWegoService_Schatten3wei\u00df.png","contentUrl":"https:\/\/wego-service.de\/wp-content\/uploads\/2020\/02\/cropped-LogoWegoService_Schatten3wei\u00df.png","width":581,"height":250,"caption":"WeGo Service"},"image":{"@id":"https:\/\/wego-service.de\/#\/schema\/logo\/image\/"}}]}},"_links":{"self":[{"href":"https:\/\/wego-service.de\/index.php?rest_route=\/wp\/v2\/pages\/240","targetHints":{"allow":["GET"]}}],"collection":[{"href":"https:\/\/wego-service.de\/index.php?rest_route=\/wp\/v2\/pages"}],"about":[{"href":"https:\/\/wego-service.de\/index.php?rest_route=\/wp\/v2\/types\/page"}],"author":[{"embeddable":true,"href":"https:\/\/wego-service.de\/index.php?rest_route=\/wp\/v2\/users\/1"}],"replies":[{"embeddable":true,"href":"https:\/\/wego-service.de\/index.php?rest_route=%2Fwp%2Fv2%2Fcomments&post=240"}],"version-history":[{"count":10,"href":"https:\/\/wego-service.de\/index.php?rest_route=\/wp\/v2\/pages\/240\/revisions"}],"predecessor-version":[{"id":1395,"href":"https:\/\/wego-service.de\/index.php?rest_route=\/wp\/v2\/pages\/240\/revisions\/1395"}],"wp:featuredmedia":[{"embeddable":true,"href":"https:\/\/wego-service.de\/index.php?rest_route=\/wp\/v2\/media\/568"}],"wp:attachment":[{"href":"https:\/\/wego-service.de\/index.php?rest_route=%2Fwp%2Fv2%2Fmedia&parent=240"}],"curies":[{"name":"wp","href":"https:\/\/api.w.org\/{rel}","templated":true}]}}