{"id":239,"date":"2020-02-13T14:34:11","date_gmt":"2020-02-13T13:34:11","guid":{"rendered":"http:\/\/testwebseite.wego-service.de\/?page_id=239"},"modified":"2020-03-27T16:42:06","modified_gmt":"2020-03-27T15:42:06","slug":"entruempeln","status":"publish","type":"page","link":"https:\/\/wego-service.de\/?page_id=239","title":{"rendered":"Entr\u00fcmpeln Geb\u00e4udedienste"},"content":{"rendered":"\n<p><strong>Entr\u00fcmpelungen, Haushalts-,<\/strong> <strong>Gesch\u00e4fts-, Firmen- und Lager-aufl\u00f6sungen. <\/strong><\/p>\n\n\n\n<p>Sie beabsichtigen eine Wohnung ein Haus ein Betrieb ein Lager, Grundst\u00fcck, oder was auch immer&nbsp; zu entr\u00fcmpeln? Auch hier, k\u00f6nnen wir Ihnen mit Rat und Tat zur Seite stehen. <\/p>\n\n\n\n<p>Sie m\u00f6chten nicht, dass Ihre Abf\u00e4lle auf wilden\nDeponien, oder in der n\u00e4chsten Gosse landen, dann rufen sie uns an, gerne\nerstellen wir Ihnen, kostenloses und unverbindliches Angebot. &nbsp;<\/p>\n\n\n\n<p>Wir bieten Ihnen, die idealen Leistungen zu\nfairen und g\u00fcnstigen Konditionen an. <\/p>\n\n\n\n<p>Unsere Langj\u00e4hrige Erfahrung auf diesem Gebiet, ein zuverl\u00e4ssiges, diskretes und eingespieltes Team, sowie die Verwertung und\/oder Wiederverwendung von Ressourcen sind besonders wichtige Voraussetzungen f\u00fcr unserer Arbeit. Wir Entsorgung alle Abf\u00e4lle ausschlie\u00dflich \u00fcber zertifizierte Entsorgungsfachbetriebe wie z. B. die <abbr title=\"Entsorgungsbetriebe Essen\">ebe<\/abbr> oder den Container Dienst B\u00e4hr, dabei werden die Abf\u00e4lle bereits bei der Erfassung getrennt und dem vorgesehenen Weg zur Verwertung zugef\u00fchrt.<\/p>\n\n\n\n<p><\/p>\n","protected":false},"excerpt":{"rendered":"<p>Entr\u00fcmpelungen, Haushalts-, Gesch\u00e4fts-, Firmen- und Lager-aufl\u00f6sungen. Sie beabsichtigen eine Wohnung ein Haus ein Betrieb ein Lager, Grundst\u00fcck, oder was auch immer&nbsp; zu entr\u00fcmpeln? Auch hier, k\u00f6nnen wir Ihnen mit Rat und Tat zur Seite stehen. Sie m\u00f6chten nicht, dass Ihre Abf\u00e4lle auf wilden Deponien, oder in der n\u00e4chsten Gosse landen, dann rufen sie uns an, &hellip; <\/p>\n<p class=\"link-more\"><a href=\"https:\/\/wego-service.de\/?page_id=239\" class=\"more-link\"><span class=\"screen-reader-text\">\u201eEntr\u00fcmpeln Geb\u00e4udedienste\u201c<\/span> weiterlesen<\/a><\/p>\n","protected":false},"author":1,"featured_media":0,"parent":14,"menu_order":0,"comment_status":"closed","ping_status":"closed","template":"","meta":{"footnotes":""},"class_list":["post-239","page","type-page","status-publish","hentry"],"yoast_head":"<!-- This site is optimized with the Yoast SEO plugin v24.4 - https:\/\/yoast.com\/wordpress\/plugins\/seo\/ -->\n<title>Entr\u00fcmpeln Geb\u00e4udedienste | WeGo-Service.de<\/title>\n<meta name=\"description\" content=\"Dienstleistungen rund um Ihre Immobilie - Sonnen und Insektenschutz, Markisen, Hausmeisterservice, Geb\u00e4udereinigung, Winterdienst, Pflasterarbeiten, uvm. Beste\" \/>\n<meta name=\"robots\" content=\"index, follow, max-snippet:-1, max-image-preview:large, max-video-preview:-1\" \/>\n<link rel=\"canonical\" href=\"https:\/\/wego-service.de\/?page_id=239\" \/>\n<meta property=\"og:locale\" content=\"de_DE\" \/>\n<meta property=\"og:type\" content=\"article\" \/>\n<meta property=\"og:title\" content=\"Entr\u00fcmpeln Geb\u00e4udedienste | WeGo-Service.de\" \/>\n<meta property=\"og:description\" content=\"Dienstleistungen rund um Ihre Immobilie - Sonnen und Insektenschutz, Markisen, Hausmeisterservice, Geb\u00e4udereinigung, Winterdienst, Pflasterarbeiten, uvm. Beste\" \/>\n<meta property=\"og:url\" content=\"https:\/\/wego-service.de\/?page_id=239\" \/>\n<meta property=\"og:site_name\" content=\"DER IMMOBILIENDIENSTLEISTER\" \/>\n<meta property=\"article:modified_time\" content=\"2020-03-27T15:42:06+00:00\" \/>\n<meta name=\"twitter:card\" content=\"summary_large_image\" \/>\n<meta name=\"twitter:label1\" content=\"Gesch\u00e4tzte Lesezeit\" \/>\n\t<meta name=\"twitter:data1\" content=\"1\u00a0Minute\" \/>\n<script type=\"application\/ld+json\" class=\"yoast-schema-graph\">{\"@context\":\"https:\/\/schema.org\",\"@graph\":[{\"@type\":\"WebPage\",\"@id\":\"https:\/\/wego-service.de\/?page_id=239\",\"url\":\"https:\/\/wego-service.de\/?page_id=239\",\"name\":\"Entr\u00fcmpeln Geb\u00e4udedienste | WeGo-Service.de\",\"isPartOf\":{\"@id\":\"https:\/\/wego-service.de\/#website\"},\"datePublished\":\"2020-02-13T13:34:11+00:00\",\"dateModified\":\"2020-03-27T15:42:06+00:00\",\"description\":\"Dienstleistungen rund um Ihre Immobilie - Sonnen und Insektenschutz, Markisen, Hausmeisterservice, Geb\u00e4udereinigung, Winterdienst, Pflasterarbeiten, uvm. Beste\",\"breadcrumb\":{\"@id\":\"https:\/\/wego-service.de\/?page_id=239#breadcrumb\"},\"inLanguage\":\"de\",\"potentialAction\":[{\"@type\":\"ReadAction\",\"target\":[\"https:\/\/wego-service.de\/?page_id=239\"]}]},{\"@type\":\"BreadcrumbList\",\"@id\":\"https:\/\/wego-service.de\/?page_id=239#breadcrumb\",\"itemListElement\":[{\"@type\":\"ListItem\",\"position\":1,\"name\":\"Startseite\",\"item\":\"https:\/\/wego-service.de\/\"},{\"@type\":\"ListItem\",\"position\":2,\"name\":\"Dienstleistungen\",\"item\":\"https:\/\/wego-service.de\/?page_id=102\"},{\"@type\":\"ListItem\",\"position\":3,\"name\":\"Geb\u00e4udedienste\",\"item\":\"https:\/\/wego-service.de\/?page_id=14\"},{\"@type\":\"ListItem\",\"position\":4,\"name\":\"Entr\u00fcmpeln Geb\u00e4udedienste\"}]},{\"@type\":\"WebSite\",\"@id\":\"https:\/\/wego-service.de\/#website\",\"url\":\"https:\/\/wego-service.de\/\",\"name\":\"DER IMMOBILIENDIENSTLEISTER\",\"description\":\"\",\"publisher\":{\"@id\":\"https:\/\/wego-service.de\/#organization\"},\"potentialAction\":[{\"@type\":\"SearchAction\",\"target\":{\"@type\":\"EntryPoint\",\"urlTemplate\":\"https:\/\/wego-service.de\/?s={search_term_string}\"},\"query-input\":{\"@type\":\"PropertyValueSpecification\",\"valueRequired\":true,\"valueName\":\"search_term_string\"}}],\"inLanguage\":\"de\"},{\"@type\":\"Organization\",\"@id\":\"https:\/\/wego-service.de\/#organization\",\"name\":\"WeGo Service\",\"url\":\"https:\/\/wego-service.de\/\",\"logo\":{\"@type\":\"ImageObject\",\"inLanguage\":\"de\",\"@id\":\"https:\/\/wego-service.de\/#\/schema\/logo\/image\/\",\"url\":\"https:\/\/wego-service.de\/wp-content\/uploads\/2020\/02\/cropped-LogoWegoService_Schatten3wei\u00df.png\",\"contentUrl\":\"https:\/\/wego-service.de\/wp-content\/uploads\/2020\/02\/cropped-LogoWegoService_Schatten3wei\u00df.png\",\"width\":581,\"height\":250,\"caption\":\"WeGo Service\"},\"image\":{\"@id\":\"https:\/\/wego-service.de\/#\/schema\/logo\/image\/\"}}]}<\/script>\n<!-- \/ Yoast SEO plugin. -->","yoast_head_json":{"title":"Entr\u00fcmpeln Geb\u00e4udedienste | WeGo-Service.de","description":"Dienstleistungen rund um Ihre Immobilie - Sonnen und Insektenschutz, Markisen, Hausmeisterservice, Geb\u00e4udereinigung, Winterdienst, Pflasterarbeiten, uvm. Beste","robots":{"index":"index","follow":"follow","max-snippet":"max-snippet:-1","max-image-preview":"max-image-preview:large","max-video-preview":"max-video-preview:-1"},"canonical":"https:\/\/wego-service.de\/?page_id=239","og_locale":"de_DE","og_type":"article","og_title":"Entr\u00fcmpeln Geb\u00e4udedienste | WeGo-Service.de","og_description":"Dienstleistungen rund um Ihre Immobilie - Sonnen und Insektenschutz, Markisen, Hausmeisterservice, Geb\u00e4udereinigung, Winterdienst, Pflasterarbeiten, uvm. Beste","og_url":"https:\/\/wego-service.de\/?page_id=239","og_site_name":"DER IMMOBILIENDIENSTLEISTER","article_modified_time":"2020-03-27T15:42:06+00:00","twitter_card":"summary_large_image","twitter_misc":{"Gesch\u00e4tzte Lesezeit":"1\u00a0Minute"},"schema":{"@context":"https:\/\/schema.org","@graph":[{"@type":"WebPage","@id":"https:\/\/wego-service.de\/?page_id=239","url":"https:\/\/wego-service.de\/?page_id=239","name":"Entr\u00fcmpeln Geb\u00e4udedienste | WeGo-Service.de","isPartOf":{"@id":"https:\/\/wego-service.de\/#website"},"datePublished":"2020-02-13T13:34:11+00:00","dateModified":"2020-03-27T15:42:06+00:00","description":"Dienstleistungen rund um Ihre Immobilie - Sonnen und Insektenschutz, Markisen, Hausmeisterservice, Geb\u00e4udereinigung, Winterdienst, Pflasterarbeiten, uvm. Beste","breadcrumb":{"@id":"https:\/\/wego-service.de\/?page_id=239#breadcrumb"},"inLanguage":"de","potentialAction":[{"@type":"ReadAction","target":["https:\/\/wego-service.de\/?page_id=239"]}]},{"@type":"BreadcrumbList","@id":"https:\/\/wego-service.de\/?page_id=239#breadcrumb","itemListElement":[{"@type":"ListItem","position":1,"name":"Startseite","item":"https:\/\/wego-service.de\/"},{"@type":"ListItem","position":2,"name":"Dienstleistungen","item":"https:\/\/wego-service.de\/?page_id=102"},{"@type":"ListItem","position":3,"name":"Geb\u00e4udedienste","item":"https:\/\/wego-service.de\/?page_id=14"},{"@type":"ListItem","position":4,"name":"Entr\u00fcmpeln Geb\u00e4udedienste"}]},{"@type":"WebSite","@id":"https:\/\/wego-service.de\/#website","url":"https:\/\/wego-service.de\/","name":"DER IMMOBILIENDIENSTLEISTER","description":"","publisher":{"@id":"https:\/\/wego-service.de\/#organization"},"potentialAction":[{"@type":"SearchAction","target":{"@type":"EntryPoint","urlTemplate":"https:\/\/wego-service.de\/?s={search_term_string}"},"query-input":{"@type":"PropertyValueSpecification","valueRequired":true,"valueName":"search_term_string"}}],"inLanguage":"de"},{"@type":"Organization","@id":"https:\/\/wego-service.de\/#organization","name":"WeGo Service","url":"https:\/\/wego-service.de\/","logo":{"@type":"ImageObject","inLanguage":"de","@id":"https:\/\/wego-service.de\/#\/schema\/logo\/image\/","url":"https:\/\/wego-service.de\/wp-content\/uploads\/2020\/02\/cropped-LogoWegoService_Schatten3wei\u00df.png","contentUrl":"https:\/\/wego-service.de\/wp-content\/uploads\/2020\/02\/cropped-LogoWegoService_Schatten3wei\u00df.png","width":581,"height":250,"caption":"WeGo Service"},"image":{"@id":"https:\/\/wego-service.de\/#\/schema\/logo\/image\/"}}]}},"_links":{"self":[{"href":"https:\/\/wego-service.de\/index.php?rest_route=\/wp\/v2\/pages\/239","targetHints":{"allow":["GET"]}}],"collection":[{"href":"https:\/\/wego-service.de\/index.php?rest_route=\/wp\/v2\/pages"}],"about":[{"href":"https:\/\/wego-service.de\/index.php?rest_route=\/wp\/v2\/types\/page"}],"author":[{"embeddable":true,"href":"https:\/\/wego-service.de\/index.php?rest_route=\/wp\/v2\/users\/1"}],"replies":[{"embeddable":true,"href":"https:\/\/wego-service.de\/index.php?rest_route=%2Fwp%2Fv2%2Fcomments&post=239"}],"version-history":[{"count":9,"href":"https:\/\/wego-service.de\/index.php?rest_route=\/wp\/v2\/pages\/239\/revisions"}],"predecessor-version":[{"id":740,"href":"https:\/\/wego-service.de\/index.php?rest_route=\/wp\/v2\/pages\/239\/revisions\/740"}],"up":[{"embeddable":true,"href":"https:\/\/wego-service.de\/index.php?rest_route=\/wp\/v2\/pages\/14"}],"wp:attachment":[{"href":"https:\/\/wego-service.de\/index.php?rest_route=%2Fwp%2Fv2%2Fmedia&parent=239"}],"curies":[{"name":"wp","href":"https:\/\/api.w.org\/{rel}","templated":true}]}}