{"id":233,"date":"2020-02-13T14:34:11","date_gmt":"2020-02-13T13:34:11","guid":{"rendered":"http:\/\/testwebseite.wego-service.de\/?page_id=233"},"modified":"2020-02-23T03:05:16","modified_gmt":"2020-02-23T02:05:16","slug":"objektkontrolle","status":"publish","type":"page","link":"https:\/\/wego-service.de\/?page_id=233","title":{"rendered":"Objektkontrolle"},"content":{"rendered":"\n<p>Kontroll- und Instandhaltungsdienste auch in leerstehenden Wohn-, B\u00fcro- und Gewerbeobjekten. Betreuung der Haustechnik wie Heizung, L\u00fcftung, Klimaanlage, Aufz\u00fcge, Notstromanlage, Rauchmeldeanlage, Alarmanlage, Pumpen sowie, die Beauftragung und Aufsicht der zust\u00e4ndigen&nbsp; Fach- und Handwerksunternehmen.<\/p>\n\n\n\n<p>Nach Auszug von Mietern f\u00fchren wir &#8211; nach Absprache mit dem Eigent\u00fcmern oder Verwaltern &#8211; notwendige Renovierungsma\u00dfnahmen und Sch\u00f6nheitsreparaturen durch.<\/p>\n\n\n\n<p>Wir sorgen daf\u00fcr, dass Ihre Immobilie in einwandfreiem Zustand bleibt.<\/p>\n","protected":false},"excerpt":{"rendered":"<p>Kontroll- und Instandhaltungsdienste auch in leerstehenden Wohn-, B\u00fcro- und Gewerbeobjekten. Betreuung der Haustechnik wie Heizung, L\u00fcftung, Klimaanlage, Aufz\u00fcge, Notstromanlage, Rauchmeldeanlage, Alarmanlage, Pumpen sowie, die Beauftragung und Aufsicht der zust\u00e4ndigen&nbsp; Fach- und Handwerksunternehmen. Nach Auszug von Mietern f\u00fchren wir &#8211; nach Absprache mit dem Eigent\u00fcmern oder Verwaltern &#8211; notwendige Renovierungsma\u00dfnahmen und Sch\u00f6nheitsreparaturen durch. Wir sorgen daf\u00fcr, &hellip; <\/p>\n<p class=\"link-more\"><a href=\"https:\/\/wego-service.de\/?page_id=233\" class=\"more-link\"><span class=\"screen-reader-text\">\u201eObjektkontrolle\u201c<\/span> weiterlesen<\/a><\/p>\n","protected":false},"author":1,"featured_media":0,"parent":14,"menu_order":0,"comment_status":"closed","ping_status":"closed","template":"","meta":{"footnotes":""},"class_list":["post-233","page","type-page","status-publish","hentry"],"yoast_head":"<!-- This site is optimized with the Yoast SEO plugin v24.4 - https:\/\/yoast.com\/wordpress\/plugins\/seo\/ -->\n<title>Objektkontrolle | WeGo-Service.de<\/title>\n<meta name=\"description\" content=\"Dienstleistungen rund um Ihre Immobilie - Sonnen und Insektenschutz, Markisen, Hausmeisterservice, Geb\u00e4udereinigung, Winterdienst, Pflasterarbeiten, uvm. Beste\" \/>\n<meta name=\"robots\" content=\"index, follow, max-snippet:-1, max-image-preview:large, max-video-preview:-1\" \/>\n<link rel=\"canonical\" href=\"https:\/\/wego-service.de\/?page_id=233\" \/>\n<meta property=\"og:locale\" content=\"de_DE\" \/>\n<meta property=\"og:type\" content=\"article\" \/>\n<meta property=\"og:title\" content=\"Objektkontrolle | WeGo-Service.de\" \/>\n<meta property=\"og:description\" content=\"Dienstleistungen rund um Ihre Immobilie - Sonnen und Insektenschutz, Markisen, Hausmeisterservice, Geb\u00e4udereinigung, Winterdienst, Pflasterarbeiten, uvm. Beste\" \/>\n<meta property=\"og:url\" content=\"https:\/\/wego-service.de\/?page_id=233\" \/>\n<meta property=\"og:site_name\" content=\"DER IMMOBILIENDIENSTLEISTER\" \/>\n<meta property=\"article:modified_time\" content=\"2020-02-23T02:05:16+00:00\" \/>\n<meta name=\"twitter:card\" content=\"summary_large_image\" \/>\n<script type=\"application\/ld+json\" class=\"yoast-schema-graph\">{\"@context\":\"https:\/\/schema.org\",\"@graph\":[{\"@type\":\"WebPage\",\"@id\":\"https:\/\/wego-service.de\/?page_id=233\",\"url\":\"https:\/\/wego-service.de\/?page_id=233\",\"name\":\"Objektkontrolle | WeGo-Service.de\",\"isPartOf\":{\"@id\":\"https:\/\/wego-service.de\/#website\"},\"datePublished\":\"2020-02-13T13:34:11+00:00\",\"dateModified\":\"2020-02-23T02:05:16+00:00\",\"description\":\"Dienstleistungen rund um Ihre Immobilie - Sonnen und Insektenschutz, Markisen, Hausmeisterservice, Geb\u00e4udereinigung, Winterdienst, Pflasterarbeiten, uvm. Beste\",\"breadcrumb\":{\"@id\":\"https:\/\/wego-service.de\/?page_id=233#breadcrumb\"},\"inLanguage\":\"de\",\"potentialAction\":[{\"@type\":\"ReadAction\",\"target\":[\"https:\/\/wego-service.de\/?page_id=233\"]}]},{\"@type\":\"BreadcrumbList\",\"@id\":\"https:\/\/wego-service.de\/?page_id=233#breadcrumb\",\"itemListElement\":[{\"@type\":\"ListItem\",\"position\":1,\"name\":\"Startseite\",\"item\":\"https:\/\/wego-service.de\/\"},{\"@type\":\"ListItem\",\"position\":2,\"name\":\"Dienstleistungen\",\"item\":\"https:\/\/wego-service.de\/?page_id=102\"},{\"@type\":\"ListItem\",\"position\":3,\"name\":\"Geb\u00e4udedienste\",\"item\":\"https:\/\/wego-service.de\/?page_id=14\"},{\"@type\":\"ListItem\",\"position\":4,\"name\":\"Objektkontrolle\"}]},{\"@type\":\"WebSite\",\"@id\":\"https:\/\/wego-service.de\/#website\",\"url\":\"https:\/\/wego-service.de\/\",\"name\":\"DER IMMOBILIENDIENSTLEISTER\",\"description\":\"\",\"publisher\":{\"@id\":\"https:\/\/wego-service.de\/#organization\"},\"potentialAction\":[{\"@type\":\"SearchAction\",\"target\":{\"@type\":\"EntryPoint\",\"urlTemplate\":\"https:\/\/wego-service.de\/?s={search_term_string}\"},\"query-input\":{\"@type\":\"PropertyValueSpecification\",\"valueRequired\":true,\"valueName\":\"search_term_string\"}}],\"inLanguage\":\"de\"},{\"@type\":\"Organization\",\"@id\":\"https:\/\/wego-service.de\/#organization\",\"name\":\"WeGo Service\",\"url\":\"https:\/\/wego-service.de\/\",\"logo\":{\"@type\":\"ImageObject\",\"inLanguage\":\"de\",\"@id\":\"https:\/\/wego-service.de\/#\/schema\/logo\/image\/\",\"url\":\"https:\/\/wego-service.de\/wp-content\/uploads\/2020\/02\/cropped-LogoWegoService_Schatten3wei\u00df.png\",\"contentUrl\":\"https:\/\/wego-service.de\/wp-content\/uploads\/2020\/02\/cropped-LogoWegoService_Schatten3wei\u00df.png\",\"width\":581,\"height\":250,\"caption\":\"WeGo Service\"},\"image\":{\"@id\":\"https:\/\/wego-service.de\/#\/schema\/logo\/image\/\"}}]}<\/script>\n<!-- \/ Yoast SEO plugin. -->","yoast_head_json":{"title":"Objektkontrolle | WeGo-Service.de","description":"Dienstleistungen rund um Ihre Immobilie - Sonnen und Insektenschutz, Markisen, Hausmeisterservice, Geb\u00e4udereinigung, Winterdienst, Pflasterarbeiten, uvm. Beste","robots":{"index":"index","follow":"follow","max-snippet":"max-snippet:-1","max-image-preview":"max-image-preview:large","max-video-preview":"max-video-preview:-1"},"canonical":"https:\/\/wego-service.de\/?page_id=233","og_locale":"de_DE","og_type":"article","og_title":"Objektkontrolle | WeGo-Service.de","og_description":"Dienstleistungen rund um Ihre Immobilie - Sonnen und Insektenschutz, Markisen, Hausmeisterservice, Geb\u00e4udereinigung, Winterdienst, Pflasterarbeiten, uvm. Beste","og_url":"https:\/\/wego-service.de\/?page_id=233","og_site_name":"DER IMMOBILIENDIENSTLEISTER","article_modified_time":"2020-02-23T02:05:16+00:00","twitter_card":"summary_large_image","schema":{"@context":"https:\/\/schema.org","@graph":[{"@type":"WebPage","@id":"https:\/\/wego-service.de\/?page_id=233","url":"https:\/\/wego-service.de\/?page_id=233","name":"Objektkontrolle | WeGo-Service.de","isPartOf":{"@id":"https:\/\/wego-service.de\/#website"},"datePublished":"2020-02-13T13:34:11+00:00","dateModified":"2020-02-23T02:05:16+00:00","description":"Dienstleistungen rund um Ihre Immobilie - Sonnen und Insektenschutz, Markisen, Hausmeisterservice, Geb\u00e4udereinigung, Winterdienst, Pflasterarbeiten, uvm. Beste","breadcrumb":{"@id":"https:\/\/wego-service.de\/?page_id=233#breadcrumb"},"inLanguage":"de","potentialAction":[{"@type":"ReadAction","target":["https:\/\/wego-service.de\/?page_id=233"]}]},{"@type":"BreadcrumbList","@id":"https:\/\/wego-service.de\/?page_id=233#breadcrumb","itemListElement":[{"@type":"ListItem","position":1,"name":"Startseite","item":"https:\/\/wego-service.de\/"},{"@type":"ListItem","position":2,"name":"Dienstleistungen","item":"https:\/\/wego-service.de\/?page_id=102"},{"@type":"ListItem","position":3,"name":"Geb\u00e4udedienste","item":"https:\/\/wego-service.de\/?page_id=14"},{"@type":"ListItem","position":4,"name":"Objektkontrolle"}]},{"@type":"WebSite","@id":"https:\/\/wego-service.de\/#website","url":"https:\/\/wego-service.de\/","name":"DER IMMOBILIENDIENSTLEISTER","description":"","publisher":{"@id":"https:\/\/wego-service.de\/#organization"},"potentialAction":[{"@type":"SearchAction","target":{"@type":"EntryPoint","urlTemplate":"https:\/\/wego-service.de\/?s={search_term_string}"},"query-input":{"@type":"PropertyValueSpecification","valueRequired":true,"valueName":"search_term_string"}}],"inLanguage":"de"},{"@type":"Organization","@id":"https:\/\/wego-service.de\/#organization","name":"WeGo Service","url":"https:\/\/wego-service.de\/","logo":{"@type":"ImageObject","inLanguage":"de","@id":"https:\/\/wego-service.de\/#\/schema\/logo\/image\/","url":"https:\/\/wego-service.de\/wp-content\/uploads\/2020\/02\/cropped-LogoWegoService_Schatten3wei\u00df.png","contentUrl":"https:\/\/wego-service.de\/wp-content\/uploads\/2020\/02\/cropped-LogoWegoService_Schatten3wei\u00df.png","width":581,"height":250,"caption":"WeGo Service"},"image":{"@id":"https:\/\/wego-service.de\/#\/schema\/logo\/image\/"}}]}},"_links":{"self":[{"href":"https:\/\/wego-service.de\/index.php?rest_route=\/wp\/v2\/pages\/233","targetHints":{"allow":["GET"]}}],"collection":[{"href":"https:\/\/wego-service.de\/index.php?rest_route=\/wp\/v2\/pages"}],"about":[{"href":"https:\/\/wego-service.de\/index.php?rest_route=\/wp\/v2\/types\/page"}],"author":[{"embeddable":true,"href":"https:\/\/wego-service.de\/index.php?rest_route=\/wp\/v2\/users\/1"}],"replies":[{"embeddable":true,"href":"https:\/\/wego-service.de\/index.php?rest_route=%2Fwp%2Fv2%2Fcomments&post=233"}],"version-history":[{"count":3,"href":"https:\/\/wego-service.de\/index.php?rest_route=\/wp\/v2\/pages\/233\/revisions"}],"predecessor-version":[{"id":552,"href":"https:\/\/wego-service.de\/index.php?rest_route=\/wp\/v2\/pages\/233\/revisions\/552"}],"up":[{"embeddable":true,"href":"https:\/\/wego-service.de\/index.php?rest_route=\/wp\/v2\/pages\/14"}],"wp:attachment":[{"href":"https:\/\/wego-service.de\/index.php?rest_route=%2Fwp%2Fv2%2Fmedia&parent=233"}],"curies":[{"name":"wp","href":"https:\/\/api.w.org\/{rel}","templated":true}]}}