{"id":193,"date":"2020-02-13T00:33:32","date_gmt":"2020-02-12T23:33:32","guid":{"rendered":"http:\/\/testwebseite.wego-service.de\/?page_id=193"},"modified":"2020-04-21T00:06:29","modified_gmt":"2020-04-20T22:06:29","slug":"papierkorb","status":"publish","type":"page","link":"https:\/\/wego-service.de\/?page_id=193","title":{"rendered":"\u00dcber uns"},"content":{"rendered":"\n<p>Wir sind ein seit Jahren erfolgreicher und am Markt etablierter Handwerksbetrieb mit Sitz in Essen. <\/p>\n\n\n\n<p>Unser Unternehmen betreut Immobilien- und Hausverwaltungen, Eigent\u00fcmergemeinschaften, Gesch\u00e4fts- und Privatkunden in den Bereichen Haustechnik, Hausmeisterservice, Geb\u00e4udereinigung, Raumgestaltung, Garten und Grundst\u00fcckspflege. <\/p>\n\n\n\n<p>Als weiteren Schwerpunkt haben wir uns auf Markisen, Sonnen- und Insektenschutzanlagen spezialisiert. Hier bieten wir Ihnen qualitativ hochwertige Produkte namhafter Hersteller an.<\/p>\n\n\n\n<h1 class=\"wp-block-heading\">Firmenchronik<\/h1>\n\n\n\n<p>2003 Werner Gosdzick gr\u00fcndet die Firma Hausmeisterservice Werner Gosdzick Allround-Service.<\/p>\n\n\n\n<p>2008 Der Bruder des Firmengr\u00fcnders Martin Gosdzick tritt der Gesch\u00e4ftsleitung bei.<\/p>\n\n\n\n<p>2012 Nach schwerer Krankheit stirbt Martin Gosdzick.<\/p>\n\n\n\n<p>2012 Zusammenschluss mit der Firma Andrzej Pniewski Sonnenschutz &amp; Hausmeisterservice nach jahrelanger vertrauensvoller Zusammenarbeit und gegenseitiger Unterst\u00fctzung. Der Firmensitz wird zur Sch\u00fcrmann Str. 39, 45136 Essen verlegt.<\/p>\n\n\n\n<p>2014 Umfirmierung und Namens\u00e4nderung in die WeGo Service UG (haftungsbeschr\u00e4nkt)<br>Mit den gesch\u00e4ftsf\u00fchrenden Gesellschaftern Andrzej Pniewski und Werner Gosdzick.<\/p>\n\n\n\n<p>2018 Aus Platzmangel wird der Firmensitz abermals verlegt und befindet sich jetzt, im<br>Aronweg 19, 45276 Essen-Steele.<\/p>\n\n\n\n<p>In den vergangenen Jahren hat sich unser Leistungsspektrum dank stetig neuer Aufgaben,<br>Kundenanforderungen und Eigeninitiative um zahlreiche T\u00e4tigkeitsfelder erweitert.\u00a0Mit einem engagierten\u00a0\u00a0Team, langj\u00e4hriger Berufserfahrung und dem n\u00f6tigen Know-how\u00a0bieten wir jedem Kunden die gleiche hochwertige Qualit\u00e4t\u00a0und Kosteneffizienz unserer Dienstleistungen an.<\/p>\n","protected":false},"excerpt":{"rendered":"<p>Wir sind ein seit Jahren erfolgreicher und am Markt etablierter Handwerksbetrieb mit Sitz in Essen. Unser Unternehmen betreut Immobilien- und Hausverwaltungen, Eigent\u00fcmergemeinschaften, Gesch\u00e4fts- und Privatkunden in den Bereichen Haustechnik, Hausmeisterservice, Geb\u00e4udereinigung, Raumgestaltung, Garten und Grundst\u00fcckspflege. Als weiteren Schwerpunkt haben wir uns auf Markisen, Sonnen- und Insektenschutzanlagen spezialisiert. Hier bieten wir Ihnen qualitativ hochwertige Produkte namhafter &hellip; <\/p>\n<p class=\"link-more\"><a href=\"https:\/\/wego-service.de\/?page_id=193\" class=\"more-link\"><span class=\"screen-reader-text\">\u201e\u00dcber uns\u201c<\/span> weiterlesen<\/a><\/p>\n","protected":false},"author":1,"featured_media":0,"parent":0,"menu_order":0,"comment_status":"closed","ping_status":"closed","template":"","meta":{"footnotes":""},"class_list":["post-193","page","type-page","status-publish","hentry"],"yoast_head":"<!-- This site is optimized with the Yoast SEO plugin v24.4 - https:\/\/yoast.com\/wordpress\/plugins\/seo\/ -->\n<title>\u00dcber uns | WeGo-Service.de<\/title>\n<meta name=\"description\" content=\"Dienstleistungen rund um Ihre Immobilie - Sonnen und Insektenschutz, Markisen, Hausmeisterservice, Geb\u00e4udereinigung, Winterdienst, Pflasterarbeiten, uvm. Beste\" \/>\n<meta name=\"robots\" content=\"index, follow, max-snippet:-1, max-image-preview:large, max-video-preview:-1\" \/>\n<link rel=\"canonical\" href=\"https:\/\/wego-service.de\/?page_id=193\" \/>\n<meta property=\"og:locale\" content=\"de_DE\" \/>\n<meta property=\"og:type\" content=\"article\" \/>\n<meta property=\"og:title\" content=\"\u00dcber uns | WeGo-Service.de\" \/>\n<meta property=\"og:description\" content=\"Dienstleistungen rund um Ihre Immobilie - Sonnen und Insektenschutz, Markisen, Hausmeisterservice, Geb\u00e4udereinigung, Winterdienst, Pflasterarbeiten, uvm. Beste\" \/>\n<meta property=\"og:url\" content=\"https:\/\/wego-service.de\/?page_id=193\" \/>\n<meta property=\"og:site_name\" content=\"DER IMMOBILIENDIENSTLEISTER\" \/>\n<meta property=\"article:modified_time\" content=\"2020-04-20T22:06:29+00:00\" \/>\n<meta name=\"twitter:card\" content=\"summary_large_image\" \/>\n<meta name=\"twitter:label1\" content=\"Gesch\u00e4tzte Lesezeit\" \/>\n\t<meta name=\"twitter:data1\" content=\"1\u00a0Minute\" \/>\n<script type=\"application\/ld+json\" class=\"yoast-schema-graph\">{\"@context\":\"https:\/\/schema.org\",\"@graph\":[{\"@type\":\"WebPage\",\"@id\":\"https:\/\/wego-service.de\/?page_id=193\",\"url\":\"https:\/\/wego-service.de\/?page_id=193\",\"name\":\"\u00dcber uns | WeGo-Service.de\",\"isPartOf\":{\"@id\":\"https:\/\/wego-service.de\/#website\"},\"datePublished\":\"2020-02-12T23:33:32+00:00\",\"dateModified\":\"2020-04-20T22:06:29+00:00\",\"description\":\"Dienstleistungen rund um Ihre Immobilie - Sonnen und Insektenschutz, Markisen, Hausmeisterservice, Geb\u00e4udereinigung, Winterdienst, Pflasterarbeiten, uvm. Beste\",\"breadcrumb\":{\"@id\":\"https:\/\/wego-service.de\/?page_id=193#breadcrumb\"},\"inLanguage\":\"de\",\"potentialAction\":[{\"@type\":\"ReadAction\",\"target\":[\"https:\/\/wego-service.de\/?page_id=193\"]}]},{\"@type\":\"BreadcrumbList\",\"@id\":\"https:\/\/wego-service.de\/?page_id=193#breadcrumb\",\"itemListElement\":[{\"@type\":\"ListItem\",\"position\":1,\"name\":\"Startseite\",\"item\":\"https:\/\/wego-service.de\/\"},{\"@type\":\"ListItem\",\"position\":2,\"name\":\"\u00dcber uns\"}]},{\"@type\":\"WebSite\",\"@id\":\"https:\/\/wego-service.de\/#website\",\"url\":\"https:\/\/wego-service.de\/\",\"name\":\"DER IMMOBILIENDIENSTLEISTER\",\"description\":\"\",\"publisher\":{\"@id\":\"https:\/\/wego-service.de\/#organization\"},\"potentialAction\":[{\"@type\":\"SearchAction\",\"target\":{\"@type\":\"EntryPoint\",\"urlTemplate\":\"https:\/\/wego-service.de\/?s={search_term_string}\"},\"query-input\":{\"@type\":\"PropertyValueSpecification\",\"valueRequired\":true,\"valueName\":\"search_term_string\"}}],\"inLanguage\":\"de\"},{\"@type\":\"Organization\",\"@id\":\"https:\/\/wego-service.de\/#organization\",\"name\":\"WeGo Service\",\"url\":\"https:\/\/wego-service.de\/\",\"logo\":{\"@type\":\"ImageObject\",\"inLanguage\":\"de\",\"@id\":\"https:\/\/wego-service.de\/#\/schema\/logo\/image\/\",\"url\":\"https:\/\/wego-service.de\/wp-content\/uploads\/2020\/02\/cropped-LogoWegoService_Schatten3wei\u00df.png\",\"contentUrl\":\"https:\/\/wego-service.de\/wp-content\/uploads\/2020\/02\/cropped-LogoWegoService_Schatten3wei\u00df.png\",\"width\":581,\"height\":250,\"caption\":\"WeGo Service\"},\"image\":{\"@id\":\"https:\/\/wego-service.de\/#\/schema\/logo\/image\/\"}}]}<\/script>\n<!-- \/ Yoast SEO plugin. -->","yoast_head_json":{"title":"\u00dcber uns | WeGo-Service.de","description":"Dienstleistungen rund um Ihre Immobilie - Sonnen und Insektenschutz, Markisen, Hausmeisterservice, Geb\u00e4udereinigung, Winterdienst, Pflasterarbeiten, uvm. Beste","robots":{"index":"index","follow":"follow","max-snippet":"max-snippet:-1","max-image-preview":"max-image-preview:large","max-video-preview":"max-video-preview:-1"},"canonical":"https:\/\/wego-service.de\/?page_id=193","og_locale":"de_DE","og_type":"article","og_title":"\u00dcber uns | WeGo-Service.de","og_description":"Dienstleistungen rund um Ihre Immobilie - Sonnen und Insektenschutz, Markisen, Hausmeisterservice, Geb\u00e4udereinigung, Winterdienst, Pflasterarbeiten, uvm. Beste","og_url":"https:\/\/wego-service.de\/?page_id=193","og_site_name":"DER IMMOBILIENDIENSTLEISTER","article_modified_time":"2020-04-20T22:06:29+00:00","twitter_card":"summary_large_image","twitter_misc":{"Gesch\u00e4tzte Lesezeit":"1\u00a0Minute"},"schema":{"@context":"https:\/\/schema.org","@graph":[{"@type":"WebPage","@id":"https:\/\/wego-service.de\/?page_id=193","url":"https:\/\/wego-service.de\/?page_id=193","name":"\u00dcber uns | WeGo-Service.de","isPartOf":{"@id":"https:\/\/wego-service.de\/#website"},"datePublished":"2020-02-12T23:33:32+00:00","dateModified":"2020-04-20T22:06:29+00:00","description":"Dienstleistungen rund um Ihre Immobilie - Sonnen und Insektenschutz, Markisen, Hausmeisterservice, Geb\u00e4udereinigung, Winterdienst, Pflasterarbeiten, uvm. Beste","breadcrumb":{"@id":"https:\/\/wego-service.de\/?page_id=193#breadcrumb"},"inLanguage":"de","potentialAction":[{"@type":"ReadAction","target":["https:\/\/wego-service.de\/?page_id=193"]}]},{"@type":"BreadcrumbList","@id":"https:\/\/wego-service.de\/?page_id=193#breadcrumb","itemListElement":[{"@type":"ListItem","position":1,"name":"Startseite","item":"https:\/\/wego-service.de\/"},{"@type":"ListItem","position":2,"name":"\u00dcber uns"}]},{"@type":"WebSite","@id":"https:\/\/wego-service.de\/#website","url":"https:\/\/wego-service.de\/","name":"DER IMMOBILIENDIENSTLEISTER","description":"","publisher":{"@id":"https:\/\/wego-service.de\/#organization"},"potentialAction":[{"@type":"SearchAction","target":{"@type":"EntryPoint","urlTemplate":"https:\/\/wego-service.de\/?s={search_term_string}"},"query-input":{"@type":"PropertyValueSpecification","valueRequired":true,"valueName":"search_term_string"}}],"inLanguage":"de"},{"@type":"Organization","@id":"https:\/\/wego-service.de\/#organization","name":"WeGo Service","url":"https:\/\/wego-service.de\/","logo":{"@type":"ImageObject","inLanguage":"de","@id":"https:\/\/wego-service.de\/#\/schema\/logo\/image\/","url":"https:\/\/wego-service.de\/wp-content\/uploads\/2020\/02\/cropped-LogoWegoService_Schatten3wei\u00df.png","contentUrl":"https:\/\/wego-service.de\/wp-content\/uploads\/2020\/02\/cropped-LogoWegoService_Schatten3wei\u00df.png","width":581,"height":250,"caption":"WeGo Service"},"image":{"@id":"https:\/\/wego-service.de\/#\/schema\/logo\/image\/"}}]}},"_links":{"self":[{"href":"https:\/\/wego-service.de\/index.php?rest_route=\/wp\/v2\/pages\/193","targetHints":{"allow":["GET"]}}],"collection":[{"href":"https:\/\/wego-service.de\/index.php?rest_route=\/wp\/v2\/pages"}],"about":[{"href":"https:\/\/wego-service.de\/index.php?rest_route=\/wp\/v2\/types\/page"}],"author":[{"embeddable":true,"href":"https:\/\/wego-service.de\/index.php?rest_route=\/wp\/v2\/users\/1"}],"replies":[{"embeddable":true,"href":"https:\/\/wego-service.de\/index.php?rest_route=%2Fwp%2Fv2%2Fcomments&post=193"}],"version-history":[{"count":11,"href":"https:\/\/wego-service.de\/index.php?rest_route=\/wp\/v2\/pages\/193\/revisions"}],"predecessor-version":[{"id":1332,"href":"https:\/\/wego-service.de\/index.php?rest_route=\/wp\/v2\/pages\/193\/revisions\/1332"}],"wp:attachment":[{"href":"https:\/\/wego-service.de\/index.php?rest_route=%2Fwp%2Fv2%2Fmedia&parent=193"}],"curies":[{"name":"wp","href":"https:\/\/api.w.org\/{rel}","templated":true}]}}